{"id":306,"date":"2021-03-24T19:38:14","date_gmt":"2021-03-24T18:38:14","guid":{"rendered":"https:\/\/robson.ai\/strona-glowna\/"},"modified":"2021-04-23T15:53:31","modified_gmt":"2021-04-23T22:53:31","slug":"strona-glowna","status":"publish","type":"page","link":"https:\/\/robson.ai\/pl\/","title":{"rendered":"Strona g\u0142\u00f3wna"},"content":{"rendered":"","protected":false},"excerpt":{"rendered":"","protected":false},"author":1,"featured_media":1044,"parent":0,"menu_order":0,"comment_status":"closed","ping_status":"closed","template":"","meta":{"inline_featured_image":false,"footnotes":""},"class_list":["post-306","page","type-page","status-publish","has-post-thumbnail","hentry"],"acf":[],"yoast_head":"<!-- This site is optimized with the Yoast SEO plugin v19.9 - https:\/\/yoast.com\/wordpress\/plugins\/seo\/ -->\n<title>Pobierz aplikacj\u0119 Robson na urz\u0105dzenia mobilne | Proste zadania. Przyzwoita zap\u0142ata.<\/title>\n<meta name=\"description\" content=\"Dzi\u0119ki aplikacji Robson mo\u017cesz \u0142atwo zarabia\u0107, nie ruszaj\u0105c si\u0119 z kanapy. Aby zacz\u0105\u0107, pobierz aplikacj\u0119 Robson na urz\u0105dzenia z systemem iOS lub Android.\" \/>\n<meta name=\"robots\" content=\"index, follow, max-snippet:-1, max-image-preview:large, max-video-preview:-1\" \/>\n<link rel=\"canonical\" href=\"https:\/\/robson.ai\/pl\/\" \/>\n<meta property=\"og:locale\" content=\"pl_PL\" \/>\n<meta property=\"og:type\" content=\"article\" \/>\n<meta property=\"og:title\" content=\"Pobierz aplikacj\u0119 Robson na urz\u0105dzenia mobilne | Proste zadania. Przyzwoita zap\u0142ata.\" \/>\n<meta property=\"og:description\" content=\"Dzi\u0119ki aplikacji Robson mo\u017cesz \u0142atwo zarabia\u0107, nie ruszaj\u0105c si\u0119 z kanapy. Aby zacz\u0105\u0107, pobierz aplikacj\u0119 Robson na urz\u0105dzenia z systemem iOS lub Android.\" \/>\n<meta property=\"og:url\" content=\"https:\/\/robson.ai\/pl\/\" \/>\n<meta property=\"og:site_name\" content=\"Robson\" \/>\n<meta property=\"article:modified_time\" content=\"2021-04-23T22:53:31+00:00\" \/>\n<meta property=\"og:image\" content=\"https:\/\/robson.ai\/wp-content\/uploads\/2021\/07\/Home_1000px.png\" \/>\n\t<meta property=\"og:image:width\" content=\"1000\" \/>\n\t<meta property=\"og:image:height\" content=\"523\" \/>\n\t<meta property=\"og:image:type\" content=\"image\/png\" \/>\n<meta name=\"twitter:card\" content=\"summary_large_image\" \/>\n<script type=\"application\/ld+json\" class=\"yoast-schema-graph\">{\"@context\":\"https:\/\/schema.org\",\"@graph\":[{\"@type\":\"WebPage\",\"@id\":\"https:\/\/robson.ai\/pl\/\",\"url\":\"https:\/\/robson.ai\/pl\/\",\"name\":\"Pobierz aplikacj\u0119 Robson na urz\u0105dzenia mobilne | Proste zadania. Przyzwoita zap\u0142ata.\",\"isPartOf\":{\"@id\":\"https:\/\/100.23.135.242\/#website\"},\"datePublished\":\"2021-03-24T18:38:14+00:00\",\"dateModified\":\"2021-04-23T22:53:31+00:00\",\"description\":\"Dzi\u0119ki aplikacji Robson mo\u017cesz \u0142atwo zarabia\u0107, nie ruszaj\u0105c si\u0119 z kanapy. Aby zacz\u0105\u0107, pobierz aplikacj\u0119 Robson na urz\u0105dzenia z systemem iOS lub Android.\",\"breadcrumb\":{\"@id\":\"https:\/\/robson.ai\/pl\/#breadcrumb\"},\"inLanguage\":\"pl-PL\",\"potentialAction\":[{\"@type\":\"ReadAction\",\"target\":[\"https:\/\/robson.ai\/pl\/\"]}]},{\"@type\":\"BreadcrumbList\",\"@id\":\"https:\/\/robson.ai\/pl\/#breadcrumb\",\"itemListElement\":[{\"@type\":\"ListItem\",\"position\":1,\"name\":\"Strona g\u0142\u00f3wna\",\"item\":\"https:\/\/robson.ai\/pl\/\"},{\"@type\":\"ListItem\",\"position\":2,\"name\":\"Strona g\u0142\u00f3wna\"}]},{\"@type\":\"WebSite\",\"@id\":\"https:\/\/100.23.135.242\/#website\",\"url\":\"https:\/\/100.23.135.242\/\",\"name\":\"Robson\",\"description\":\"Simple Tasks. Fair Pay.\",\"publisher\":{\"@id\":\"https:\/\/100.23.135.242\/#organization\"},\"potentialAction\":[{\"@type\":\"SearchAction\",\"target\":{\"@type\":\"EntryPoint\",\"urlTemplate\":\"https:\/\/100.23.135.242\/?s={search_term_string}\"},\"query-input\":\"required name=search_term_string\"}],\"inLanguage\":\"pl-PL\"},{\"@type\":\"Organization\",\"@id\":\"https:\/\/100.23.135.242\/#organization\",\"name\":\"Robson\",\"url\":\"https:\/\/100.23.135.242\/\",\"logo\":{\"@type\":\"ImageObject\",\"inLanguage\":\"pl-PL\",\"@id\":\"https:\/\/100.23.135.242\/#\/schema\/logo\/image\/\",\"url\":\"https:\/\/robson.ai\/wp-content\/uploads\/2021\/03\/ROBSON-TWITTER-PROFILE.png\",\"contentUrl\":\"https:\/\/robson.ai\/wp-content\/uploads\/2021\/03\/ROBSON-TWITTER-PROFILE.png\",\"width\":400,\"height\":400,\"caption\":\"Robson\"},\"image\":{\"@id\":\"https:\/\/100.23.135.242\/#\/schema\/logo\/image\/\"}}]}<\/script>\n<!-- \/ Yoast SEO plugin. -->","yoast_head_json":{"title":"Pobierz aplikacj\u0119 Robson na urz\u0105dzenia mobilne | Proste zadania. Przyzwoita zap\u0142ata.","description":"Dzi\u0119ki aplikacji Robson mo\u017cesz \u0142atwo zarabia\u0107, nie ruszaj\u0105c si\u0119 z kanapy. Aby zacz\u0105\u0107, pobierz aplikacj\u0119 Robson na urz\u0105dzenia z systemem iOS lub Android.","robots":{"index":"index","follow":"follow","max-snippet":"max-snippet:-1","max-image-preview":"max-image-preview:large","max-video-preview":"max-video-preview:-1"},"canonical":"https:\/\/robson.ai\/pl\/","og_locale":"pl_PL","og_type":"article","og_title":"Pobierz aplikacj\u0119 Robson na urz\u0105dzenia mobilne | Proste zadania. Przyzwoita zap\u0142ata.","og_description":"Dzi\u0119ki aplikacji Robson mo\u017cesz \u0142atwo zarabia\u0107, nie ruszaj\u0105c si\u0119 z kanapy. Aby zacz\u0105\u0107, pobierz aplikacj\u0119 Robson na urz\u0105dzenia z systemem iOS lub Android.","og_url":"https:\/\/robson.ai\/pl\/","og_site_name":"Robson","article_modified_time":"2021-04-23T22:53:31+00:00","og_image":[{"width":1000,"height":523,"url":"https:\/\/robson.ai\/wp-content\/uploads\/2021\/07\/Home_1000px.png","type":"image\/png"}],"twitter_card":"summary_large_image","schema":{"@context":"https:\/\/schema.org","@graph":[{"@type":"WebPage","@id":"https:\/\/robson.ai\/pl\/","url":"https:\/\/robson.ai\/pl\/","name":"Pobierz aplikacj\u0119 Robson na urz\u0105dzenia mobilne | Proste zadania. Przyzwoita zap\u0142ata.","isPartOf":{"@id":"https:\/\/100.23.135.242\/#website"},"datePublished":"2021-03-24T18:38:14+00:00","dateModified":"2021-04-23T22:53:31+00:00","description":"Dzi\u0119ki aplikacji Robson mo\u017cesz \u0142atwo zarabia\u0107, nie ruszaj\u0105c si\u0119 z kanapy. Aby zacz\u0105\u0107, pobierz aplikacj\u0119 Robson na urz\u0105dzenia z systemem iOS lub Android.","breadcrumb":{"@id":"https:\/\/robson.ai\/pl\/#breadcrumb"},"inLanguage":"pl-PL","potentialAction":[{"@type":"ReadAction","target":["https:\/\/robson.ai\/pl\/"]}]},{"@type":"BreadcrumbList","@id":"https:\/\/robson.ai\/pl\/#breadcrumb","itemListElement":[{"@type":"ListItem","position":1,"name":"Strona g\u0142\u00f3wna","item":"https:\/\/robson.ai\/pl\/"},{"@type":"ListItem","position":2,"name":"Strona g\u0142\u00f3wna"}]},{"@type":"WebSite","@id":"https:\/\/100.23.135.242\/#website","url":"https:\/\/100.23.135.242\/","name":"Robson","description":"Simple Tasks. Fair Pay.","publisher":{"@id":"https:\/\/100.23.135.242\/#organization"},"potentialAction":[{"@type":"SearchAction","target":{"@type":"EntryPoint","urlTemplate":"https:\/\/100.23.135.242\/?s={search_term_string}"},"query-input":"required name=search_term_string"}],"inLanguage":"pl-PL"},{"@type":"Organization","@id":"https:\/\/100.23.135.242\/#organization","name":"Robson","url":"https:\/\/100.23.135.242\/","logo":{"@type":"ImageObject","inLanguage":"pl-PL","@id":"https:\/\/100.23.135.242\/#\/schema\/logo\/image\/","url":"https:\/\/robson.ai\/wp-content\/uploads\/2021\/03\/ROBSON-TWITTER-PROFILE.png","contentUrl":"https:\/\/robson.ai\/wp-content\/uploads\/2021\/03\/ROBSON-TWITTER-PROFILE.png","width":400,"height":400,"caption":"Robson"},"image":{"@id":"https:\/\/100.23.135.242\/#\/schema\/logo\/image\/"}}]}},"_links":{"self":[{"href":"https:\/\/robson.ai\/pl\/wp-json\/wp\/v2\/pages\/306","targetHints":{"allow":["GET"]}}],"collection":[{"href":"https:\/\/robson.ai\/pl\/wp-json\/wp\/v2\/pages"}],"about":[{"href":"https:\/\/robson.ai\/pl\/wp-json\/wp\/v2\/types\/page"}],"author":[{"embeddable":true,"href":"https:\/\/robson.ai\/pl\/wp-json\/wp\/v2\/users\/1"}],"replies":[{"embeddable":true,"href":"https:\/\/robson.ai\/pl\/wp-json\/wp\/v2\/comments?post=306"}],"version-history":[{"count":5,"href":"https:\/\/robson.ai\/pl\/wp-json\/wp\/v2\/pages\/306\/revisions"}],"predecessor-version":[{"id":598,"href":"https:\/\/robson.ai\/pl\/wp-json\/wp\/v2\/pages\/306\/revisions\/598"}],"wp:featuredmedia":[{"embeddable":true,"href":"https:\/\/robson.ai\/pl\/wp-json\/wp\/v2\/media\/1044"}],"wp:attachment":[{"href":"https:\/\/robson.ai\/pl\/wp-json\/wp\/v2\/media?parent=306"}],"curies":[{"name":"wp","href":"https:\/\/api.w.org\/{rel}","templated":true}]}}