{"id":358,"date":"2021-03-25T16:23:45","date_gmt":"2021-03-25T15:23:45","guid":{"rendered":"https:\/\/robson.ai\/taches\/"},"modified":"2021-07-09T07:00:31","modified_gmt":"2021-07-09T14:00:31","slug":"taches","status":"publish","type":"page","link":"https:\/\/robson.ai\/fr\/taches\/","title":{"rendered":"T\u00e2ches"},"content":{"rendered":"","protected":false},"excerpt":{"rendered":"","protected":false},"author":1,"featured_media":1061,"parent":0,"menu_order":0,"comment_status":"closed","ping_status":"closed","template":"","meta":{"inline_featured_image":false,"footnotes":""},"class_list":["post-358","page","type-page","status-publish","has-post-thumbnail","hentry"],"acf":[],"yoast_head":"<!-- This site is optimized with the Yoast SEO plugin v19.9 - https:\/\/yoast.com\/wordpress\/plugins\/seo\/ -->\n<title>T\u00e2ches Robson | Voir les t\u00e2ches actuellement disponibles<\/title>\n<meta name=\"description\" content=\"Les t\u00e2ches Robson sont faciles \u00e0 r\u00e9aliser\u00a0: aucune comp\u00e9tence sp\u00e9ciale n\u2019est requise\u00a0! Voici un aper\u00e7u des t\u00e2ches actuellement disponibles.\" \/>\n<meta name=\"robots\" content=\"index, follow, max-snippet:-1, max-image-preview:large, max-video-preview:-1\" \/>\n<link rel=\"canonical\" href=\"https:\/\/robson.ai\/fr\/taches\/\" \/>\n<meta property=\"og:locale\" content=\"fr_FR\" \/>\n<meta property=\"og:type\" content=\"article\" \/>\n<meta property=\"og:title\" content=\"T\u00e2ches Robson | Voir les t\u00e2ches actuellement disponibles\" \/>\n<meta property=\"og:description\" content=\"Les t\u00e2ches Robson sont faciles \u00e0 r\u00e9aliser\u00a0: aucune comp\u00e9tence sp\u00e9ciale n\u2019est requise\u00a0! Voici un aper\u00e7u des t\u00e2ches actuellement disponibles.\" \/>\n<meta property=\"og:url\" content=\"https:\/\/robson.ai\/fr\/taches\/\" \/>\n<meta property=\"og:site_name\" content=\"Robson\" \/>\n<meta property=\"article:modified_time\" content=\"2021-07-09T14:00:31+00:00\" \/>\n<meta property=\"og:image\" content=\"https:\/\/robson.ai\/wp-content\/uploads\/2021\/07\/Taches.png\" \/>\n\t<meta property=\"og:image:width\" content=\"1200\" \/>\n\t<meta property=\"og:image:height\" content=\"628\" \/>\n\t<meta property=\"og:image:type\" content=\"image\/png\" \/>\n<meta name=\"twitter:card\" content=\"summary_large_image\" \/>\n<script type=\"application\/ld+json\" class=\"yoast-schema-graph\">{\"@context\":\"https:\/\/schema.org\",\"@graph\":[{\"@type\":\"WebPage\",\"@id\":\"https:\/\/robson.ai\/fr\/taches\/\",\"url\":\"https:\/\/robson.ai\/fr\/taches\/\",\"name\":\"T\u00e2ches Robson | Voir les t\u00e2ches actuellement disponibles\",\"isPartOf\":{\"@id\":\"https:\/\/100.23.135.242\/#website\"},\"datePublished\":\"2021-03-25T15:23:45+00:00\",\"dateModified\":\"2021-07-09T14:00:31+00:00\",\"description\":\"Les t\u00e2ches Robson sont faciles \u00e0 r\u00e9aliser\u00a0: aucune comp\u00e9tence sp\u00e9ciale n\u2019est requise\u00a0! Voici un aper\u00e7u des t\u00e2ches actuellement disponibles.\",\"breadcrumb\":{\"@id\":\"https:\/\/robson.ai\/fr\/taches\/#breadcrumb\"},\"inLanguage\":\"fr-FR\",\"potentialAction\":[{\"@type\":\"ReadAction\",\"target\":[\"https:\/\/robson.ai\/fr\/taches\/\"]}]},{\"@type\":\"BreadcrumbList\",\"@id\":\"https:\/\/robson.ai\/fr\/taches\/#breadcrumb\",\"itemListElement\":[{\"@type\":\"ListItem\",\"position\":1,\"name\":\"Strona g\u0142\u00f3wna\",\"item\":\"https:\/\/52.26.241.147\/fr\/\"},{\"@type\":\"ListItem\",\"position\":2,\"name\":\"T\u00e2ches\"}]},{\"@type\":\"WebSite\",\"@id\":\"https:\/\/100.23.135.242\/#website\",\"url\":\"https:\/\/100.23.135.242\/\",\"name\":\"Robson\",\"description\":\"Simple Tasks. Fair Pay.\",\"publisher\":{\"@id\":\"https:\/\/100.23.135.242\/#organization\"},\"potentialAction\":[{\"@type\":\"SearchAction\",\"target\":{\"@type\":\"EntryPoint\",\"urlTemplate\":\"https:\/\/100.23.135.242\/?s={search_term_string}\"},\"query-input\":\"required name=search_term_string\"}],\"inLanguage\":\"fr-FR\"},{\"@type\":\"Organization\",\"@id\":\"https:\/\/100.23.135.242\/#organization\",\"name\":\"Robson\",\"url\":\"https:\/\/100.23.135.242\/\",\"logo\":{\"@type\":\"ImageObject\",\"inLanguage\":\"fr-FR\",\"@id\":\"https:\/\/100.23.135.242\/#\/schema\/logo\/image\/\",\"url\":\"https:\/\/robson.ai\/wp-content\/uploads\/2021\/03\/ROBSON-TWITTER-PROFILE.png\",\"contentUrl\":\"https:\/\/robson.ai\/wp-content\/uploads\/2021\/03\/ROBSON-TWITTER-PROFILE.png\",\"width\":400,\"height\":400,\"caption\":\"Robson\"},\"image\":{\"@id\":\"https:\/\/100.23.135.242\/#\/schema\/logo\/image\/\"}}]}<\/script>\n<!-- \/ Yoast SEO plugin. -->","yoast_head_json":{"title":"T\u00e2ches Robson | Voir les t\u00e2ches actuellement disponibles","description":"Les t\u00e2ches Robson sont faciles \u00e0 r\u00e9aliser\u00a0: aucune comp\u00e9tence sp\u00e9ciale n\u2019est requise\u00a0! Voici un aper\u00e7u des t\u00e2ches actuellement disponibles.","robots":{"index":"index","follow":"follow","max-snippet":"max-snippet:-1","max-image-preview":"max-image-preview:large","max-video-preview":"max-video-preview:-1"},"canonical":"https:\/\/robson.ai\/fr\/taches\/","og_locale":"fr_FR","og_type":"article","og_title":"T\u00e2ches Robson | Voir les t\u00e2ches actuellement disponibles","og_description":"Les t\u00e2ches Robson sont faciles \u00e0 r\u00e9aliser\u00a0: aucune comp\u00e9tence sp\u00e9ciale n\u2019est requise\u00a0! Voici un aper\u00e7u des t\u00e2ches actuellement disponibles.","og_url":"https:\/\/robson.ai\/fr\/taches\/","og_site_name":"Robson","article_modified_time":"2021-07-09T14:00:31+00:00","og_image":[{"width":1200,"height":628,"url":"https:\/\/robson.ai\/wp-content\/uploads\/2021\/07\/Taches.png","type":"image\/png"}],"twitter_card":"summary_large_image","schema":{"@context":"https:\/\/schema.org","@graph":[{"@type":"WebPage","@id":"https:\/\/robson.ai\/fr\/taches\/","url":"https:\/\/robson.ai\/fr\/taches\/","name":"T\u00e2ches Robson | Voir les t\u00e2ches actuellement disponibles","isPartOf":{"@id":"https:\/\/100.23.135.242\/#website"},"datePublished":"2021-03-25T15:23:45+00:00","dateModified":"2021-07-09T14:00:31+00:00","description":"Les t\u00e2ches Robson sont faciles \u00e0 r\u00e9aliser\u00a0: aucune comp\u00e9tence sp\u00e9ciale n\u2019est requise\u00a0! Voici un aper\u00e7u des t\u00e2ches actuellement disponibles.","breadcrumb":{"@id":"https:\/\/robson.ai\/fr\/taches\/#breadcrumb"},"inLanguage":"fr-FR","potentialAction":[{"@type":"ReadAction","target":["https:\/\/robson.ai\/fr\/taches\/"]}]},{"@type":"BreadcrumbList","@id":"https:\/\/robson.ai\/fr\/taches\/#breadcrumb","itemListElement":[{"@type":"ListItem","position":1,"name":"Strona g\u0142\u00f3wna","item":"https:\/\/52.26.241.147\/fr\/"},{"@type":"ListItem","position":2,"name":"T\u00e2ches"}]},{"@type":"WebSite","@id":"https:\/\/100.23.135.242\/#website","url":"https:\/\/100.23.135.242\/","name":"Robson","description":"Simple Tasks. Fair Pay.","publisher":{"@id":"https:\/\/100.23.135.242\/#organization"},"potentialAction":[{"@type":"SearchAction","target":{"@type":"EntryPoint","urlTemplate":"https:\/\/100.23.135.242\/?s={search_term_string}"},"query-input":"required name=search_term_string"}],"inLanguage":"fr-FR"},{"@type":"Organization","@id":"https:\/\/100.23.135.242\/#organization","name":"Robson","url":"https:\/\/100.23.135.242\/","logo":{"@type":"ImageObject","inLanguage":"fr-FR","@id":"https:\/\/100.23.135.242\/#\/schema\/logo\/image\/","url":"https:\/\/robson.ai\/wp-content\/uploads\/2021\/03\/ROBSON-TWITTER-PROFILE.png","contentUrl":"https:\/\/robson.ai\/wp-content\/uploads\/2021\/03\/ROBSON-TWITTER-PROFILE.png","width":400,"height":400,"caption":"Robson"},"image":{"@id":"https:\/\/100.23.135.242\/#\/schema\/logo\/image\/"}}]}},"_links":{"self":[{"href":"https:\/\/robson.ai\/fr\/wp-json\/wp\/v2\/pages\/358","targetHints":{"allow":["GET"]}}],"collection":[{"href":"https:\/\/robson.ai\/fr\/wp-json\/wp\/v2\/pages"}],"about":[{"href":"https:\/\/robson.ai\/fr\/wp-json\/wp\/v2\/types\/page"}],"author":[{"embeddable":true,"href":"https:\/\/robson.ai\/fr\/wp-json\/wp\/v2\/users\/1"}],"replies":[{"embeddable":true,"href":"https:\/\/robson.ai\/fr\/wp-json\/wp\/v2\/comments?post=358"}],"version-history":[{"count":5,"href":"https:\/\/robson.ai\/fr\/wp-json\/wp\/v2\/pages\/358\/revisions"}],"predecessor-version":[{"id":646,"href":"https:\/\/robson.ai\/fr\/wp-json\/wp\/v2\/pages\/358\/revisions\/646"}],"wp:featuredmedia":[{"embeddable":true,"href":"https:\/\/robson.ai\/fr\/wp-json\/wp\/v2\/media\/1061"}],"wp:attachment":[{"href":"https:\/\/robson.ai\/fr\/wp-json\/wp\/v2\/media?parent=358"}],"curies":[{"name":"wp","href":"https:\/\/api.w.org\/{rel}","templated":true}]}}