{"id":356,"date":"2021-03-25T16:22:12","date_gmt":"2021-03-25T15:22:12","guid":{"rendered":"https:\/\/robson.ai\/accueil\/"},"modified":"2021-04-23T15:54:24","modified_gmt":"2021-04-23T22:54:24","slug":"accueil","status":"publish","type":"page","link":"https:\/\/robson.ai\/fr\/","title":{"rendered":"Accueil"},"content":{"rendered":"","protected":false},"excerpt":{"rendered":"","protected":false},"author":1,"featured_media":1043,"parent":0,"menu_order":0,"comment_status":"closed","ping_status":"closed","template":"","meta":{"inline_featured_image":false,"footnotes":""},"class_list":["post-356","page","type-page","status-publish","has-post-thumbnail","hentry"],"acf":[],"yoast_head":"<!-- This site is optimized with the Yoast SEO plugin v19.9 - https:\/\/yoast.com\/wordpress\/plugins\/seo\/ -->\n<title>T\u00e9l\u00e9chargez l\u2019app Robson | Des t\u00e2ches simples. Une r\u00e9mun\u00e9ration juste.<\/title>\n<meta name=\"description\" content=\"Gr\u00e2ce \u00e0 Robson, vous pouvez gagner de l\u2019argent facilement depuis le confort de votre canap\u00e9. T\u00e9l\u00e9chargez l\u2019application Robson sur iOS ou Android pour commencer.\" \/>\n<meta name=\"robots\" content=\"index, follow, max-snippet:-1, max-image-preview:large, max-video-preview:-1\" \/>\n<link rel=\"canonical\" href=\"https:\/\/robson.ai\/fr\/\" \/>\n<meta property=\"og:locale\" content=\"fr_FR\" \/>\n<meta property=\"og:type\" content=\"article\" \/>\n<meta property=\"og:title\" content=\"T\u00e9l\u00e9chargez l\u2019app Robson | Des t\u00e2ches simples. Une r\u00e9mun\u00e9ration juste.\" \/>\n<meta property=\"og:description\" content=\"Gr\u00e2ce \u00e0 Robson, vous pouvez gagner de l\u2019argent facilement depuis le confort de votre canap\u00e9. T\u00e9l\u00e9chargez l\u2019application Robson sur iOS ou Android pour commencer.\" \/>\n<meta property=\"og:url\" content=\"https:\/\/robson.ai\/fr\/\" \/>\n<meta property=\"og:site_name\" content=\"Robson\" \/>\n<meta property=\"article:modified_time\" content=\"2021-04-23T22:54:24+00:00\" \/>\n<meta property=\"og:image\" content=\"https:\/\/robson.ai\/wp-content\/uploads\/2021\/07\/Home_1000px.png\" \/>\n\t<meta property=\"og:image:width\" content=\"1000\" \/>\n\t<meta property=\"og:image:height\" content=\"523\" \/>\n\t<meta property=\"og:image:type\" content=\"image\/png\" \/>\n<meta name=\"twitter:card\" content=\"summary_large_image\" \/>\n<script type=\"application\/ld+json\" class=\"yoast-schema-graph\">{\"@context\":\"https:\/\/schema.org\",\"@graph\":[{\"@type\":\"WebPage\",\"@id\":\"https:\/\/robson.ai\/fr\/\",\"url\":\"https:\/\/robson.ai\/fr\/\",\"name\":\"T\u00e9l\u00e9chargez l\u2019app Robson | Des t\u00e2ches simples. Une r\u00e9mun\u00e9ration juste.\",\"isPartOf\":{\"@id\":\"https:\/\/44.255.227.61\/#website\"},\"datePublished\":\"2021-03-25T15:22:12+00:00\",\"dateModified\":\"2021-04-23T22:54:24+00:00\",\"description\":\"Gr\u00e2ce \u00e0 Robson, vous pouvez gagner de l\u2019argent facilement depuis le confort de votre canap\u00e9. T\u00e9l\u00e9chargez l\u2019application Robson sur iOS ou Android pour commencer.\",\"breadcrumb\":{\"@id\":\"https:\/\/robson.ai\/fr\/#breadcrumb\"},\"inLanguage\":\"fr-FR\",\"potentialAction\":[{\"@type\":\"ReadAction\",\"target\":[\"https:\/\/robson.ai\/fr\/\"]}]},{\"@type\":\"BreadcrumbList\",\"@id\":\"https:\/\/robson.ai\/fr\/#breadcrumb\",\"itemListElement\":[{\"@type\":\"ListItem\",\"position\":1,\"name\":\"Strona g\u0142\u00f3wna\",\"item\":\"https:\/\/robson.ai\/fr\/\"},{\"@type\":\"ListItem\",\"position\":2,\"name\":\"Accueil\"}]},{\"@type\":\"WebSite\",\"@id\":\"https:\/\/44.255.227.61\/#website\",\"url\":\"https:\/\/44.255.227.61\/\",\"name\":\"Robson\",\"description\":\"Simple Tasks. Fair Pay.\",\"publisher\":{\"@id\":\"https:\/\/44.255.227.61\/#organization\"},\"potentialAction\":[{\"@type\":\"SearchAction\",\"target\":{\"@type\":\"EntryPoint\",\"urlTemplate\":\"https:\/\/44.255.227.61\/?s={search_term_string}\"},\"query-input\":\"required name=search_term_string\"}],\"inLanguage\":\"fr-FR\"},{\"@type\":\"Organization\",\"@id\":\"https:\/\/44.255.227.61\/#organization\",\"name\":\"Robson\",\"url\":\"https:\/\/44.255.227.61\/\",\"logo\":{\"@type\":\"ImageObject\",\"inLanguage\":\"fr-FR\",\"@id\":\"https:\/\/44.255.227.61\/#\/schema\/logo\/image\/\",\"url\":\"https:\/\/robson.ai\/wp-content\/uploads\/2021\/03\/ROBSON-TWITTER-PROFILE.png\",\"contentUrl\":\"https:\/\/robson.ai\/wp-content\/uploads\/2021\/03\/ROBSON-TWITTER-PROFILE.png\",\"width\":400,\"height\":400,\"caption\":\"Robson\"},\"image\":{\"@id\":\"https:\/\/44.255.227.61\/#\/schema\/logo\/image\/\"}}]}<\/script>\n<!-- \/ Yoast SEO plugin. -->","yoast_head_json":{"title":"T\u00e9l\u00e9chargez l\u2019app Robson | Des t\u00e2ches simples. Une r\u00e9mun\u00e9ration juste.","description":"Gr\u00e2ce \u00e0 Robson, vous pouvez gagner de l\u2019argent facilement depuis le confort de votre canap\u00e9. T\u00e9l\u00e9chargez l\u2019application Robson sur iOS ou Android pour commencer.","robots":{"index":"index","follow":"follow","max-snippet":"max-snippet:-1","max-image-preview":"max-image-preview:large","max-video-preview":"max-video-preview:-1"},"canonical":"https:\/\/robson.ai\/fr\/","og_locale":"fr_FR","og_type":"article","og_title":"T\u00e9l\u00e9chargez l\u2019app Robson | Des t\u00e2ches simples. Une r\u00e9mun\u00e9ration juste.","og_description":"Gr\u00e2ce \u00e0 Robson, vous pouvez gagner de l\u2019argent facilement depuis le confort de votre canap\u00e9. T\u00e9l\u00e9chargez l\u2019application Robson sur iOS ou Android pour commencer.","og_url":"https:\/\/robson.ai\/fr\/","og_site_name":"Robson","article_modified_time":"2021-04-23T22:54:24+00:00","og_image":[{"width":1000,"height":523,"url":"https:\/\/robson.ai\/wp-content\/uploads\/2021\/07\/Home_1000px.png","type":"image\/png"}],"twitter_card":"summary_large_image","schema":{"@context":"https:\/\/schema.org","@graph":[{"@type":"WebPage","@id":"https:\/\/robson.ai\/fr\/","url":"https:\/\/robson.ai\/fr\/","name":"T\u00e9l\u00e9chargez l\u2019app Robson | Des t\u00e2ches simples. Une r\u00e9mun\u00e9ration juste.","isPartOf":{"@id":"https:\/\/44.255.227.61\/#website"},"datePublished":"2021-03-25T15:22:12+00:00","dateModified":"2021-04-23T22:54:24+00:00","description":"Gr\u00e2ce \u00e0 Robson, vous pouvez gagner de l\u2019argent facilement depuis le confort de votre canap\u00e9. T\u00e9l\u00e9chargez l\u2019application Robson sur iOS ou Android pour commencer.","breadcrumb":{"@id":"https:\/\/robson.ai\/fr\/#breadcrumb"},"inLanguage":"fr-FR","potentialAction":[{"@type":"ReadAction","target":["https:\/\/robson.ai\/fr\/"]}]},{"@type":"BreadcrumbList","@id":"https:\/\/robson.ai\/fr\/#breadcrumb","itemListElement":[{"@type":"ListItem","position":1,"name":"Strona g\u0142\u00f3wna","item":"https:\/\/robson.ai\/fr\/"},{"@type":"ListItem","position":2,"name":"Accueil"}]},{"@type":"WebSite","@id":"https:\/\/44.255.227.61\/#website","url":"https:\/\/44.255.227.61\/","name":"Robson","description":"Simple Tasks. Fair Pay.","publisher":{"@id":"https:\/\/44.255.227.61\/#organization"},"potentialAction":[{"@type":"SearchAction","target":{"@type":"EntryPoint","urlTemplate":"https:\/\/44.255.227.61\/?s={search_term_string}"},"query-input":"required name=search_term_string"}],"inLanguage":"fr-FR"},{"@type":"Organization","@id":"https:\/\/44.255.227.61\/#organization","name":"Robson","url":"https:\/\/44.255.227.61\/","logo":{"@type":"ImageObject","inLanguage":"fr-FR","@id":"https:\/\/44.255.227.61\/#\/schema\/logo\/image\/","url":"https:\/\/robson.ai\/wp-content\/uploads\/2021\/03\/ROBSON-TWITTER-PROFILE.png","contentUrl":"https:\/\/robson.ai\/wp-content\/uploads\/2021\/03\/ROBSON-TWITTER-PROFILE.png","width":400,"height":400,"caption":"Robson"},"image":{"@id":"https:\/\/44.255.227.61\/#\/schema\/logo\/image\/"}}]}},"_links":{"self":[{"href":"https:\/\/robson.ai\/fr\/wp-json\/wp\/v2\/pages\/356","targetHints":{"allow":["GET"]}}],"collection":[{"href":"https:\/\/robson.ai\/fr\/wp-json\/wp\/v2\/pages"}],"about":[{"href":"https:\/\/robson.ai\/fr\/wp-json\/wp\/v2\/types\/page"}],"author":[{"embeddable":true,"href":"https:\/\/robson.ai\/fr\/wp-json\/wp\/v2\/users\/1"}],"replies":[{"embeddable":true,"href":"https:\/\/robson.ai\/fr\/wp-json\/wp\/v2\/comments?post=356"}],"version-history":[{"count":2,"href":"https:\/\/robson.ai\/fr\/wp-json\/wp\/v2\/pages\/356\/revisions"}],"predecessor-version":[{"id":600,"href":"https:\/\/robson.ai\/fr\/wp-json\/wp\/v2\/pages\/356\/revisions\/600"}],"wp:featuredmedia":[{"embeddable":true,"href":"https:\/\/robson.ai\/fr\/wp-json\/wp\/v2\/media\/1043"}],"wp:attachment":[{"href":"https:\/\/robson.ai\/fr\/wp-json\/wp\/v2\/media?parent=356"}],"curies":[{"name":"wp","href":"https:\/\/api.w.org\/{rel}","templated":true}]}}